{"id":16284,"date":"2023-05-10T06:35:15","date_gmt":"2023-05-10T06:35:15","guid":{"rendered":"https:\/\/agentur-dmp.at\/?page_id=16284"},"modified":"2025-01-24T13:22:06","modified_gmt":"2025-01-24T13:22:06","slug":"unsere-vision","status":"publish","type":"page","link":"https:\/\/agentur-dmp.de\/at\/unsere-vision\/","title":{"rendered":"UNSERE VISION"},"content":{"rendered":"<h2>UNSERE VISION:<br \/>\nNEUE WEGE <\/h2>\n<p>Unsere Vision ist es, die f\u00fchrende <strong>Full-Service Werbeagentur<\/strong> im deutschsprachigen Raum zu sein, mit einer klaren Spezialisierung auf <strong>B2B<\/strong> und <strong>Industriekommunikation<\/strong>. Mit <strong>kreativen<\/strong>, <strong>technologischen<\/strong> und <strong>inhaltlichen Innovationen<\/strong> setzen wir neue Ma\u00dfst\u00e4be, um die anspruchsvollen Anforderungen der <strong>B2B-Werbung<\/strong> und der Vermarktung von <strong>technischen Produkten<\/strong> zu erf\u00fcllen.<\/p>\n<p>Unser Ziel ist es, unseren Kunden echten Mehrwert zu bieten, indem wir <strong>neue Wege<\/strong> in den Bereichen <strong>Content-Marketing<\/strong>, <strong>Design<\/strong>, <strong>Animation<\/strong>, <strong>Digitales Marketing, Social Media, Filmproduktion<\/strong> und <strong>Technologie<\/strong> beschreiten. Wir entwickeln Projekte, die nicht nur beeindrucken, sondern auch einen erfolgreichen Dialog zwischen Experten f\u00f6rdern und langfristige Ergebnisse erzielen.<\/p>\n<p>Durch unser Engagement f\u00fcr <strong>modernste Technologien<\/strong> und <strong>digitale Trends<\/strong> schaffen wir einzigartige und interaktive Erlebnisse. Wir sind Vorreiter bei der Nutzung von <strong>Virtual Reality (VR)<\/strong>, <strong>Augmented Reality (AR)<\/strong>, <strong>intelligenten 3D-Webl\u00f6sungen<\/strong>, <strong>Chatbots<\/strong> und <strong>technischen Animationen<\/strong>, um Marken in der digitalen Landschaft optimal zu positionieren.<\/p>\n<p>Unsere St\u00e4rke liegt in der Verbindung von <strong>Design<\/strong>, <strong>Technologie<\/strong> und <strong>Innovation<\/strong>, um Projekte zu entwickeln, die gleichzeitig kreativ, technisch pr\u00e4zise und wirkungsvoll sind. Lassen Sie sich von unserem Imagetrailer inspirieren und erleben Sie, wie wir Ihre Vision in die Realit\u00e4t umsetzen k\u00f6nnen.<\/p>\n<p>https:\/\/player.vimeo.com\/video\/827936439\t\t<\/p>\n<h2>Image Trailer<\/h2>\n<p>\t\t<strong>+43 676 440 555 6 | <a style=\"color: #000000;\" href=\"mailto:hello@agentur-dmp.at\">hello@agentur-dmp.at<\/a><\/strong><\/p>\n","protected":false},"excerpt":{"rendered":"<p>UNSERE VISION: NEUE WEGE Unsere Vision ist es, die f\u00fchrende Full-Service Werbeagentur im deutschsprachigen Raum zu sein, mit einer klaren Spezialisierung auf B2B und Industriekommunikation. Mit kreativen, technologischen und inhaltlichen Innovationen setzen wir neue Ma\u00dfst\u00e4be, um die anspruchsvollen Anforderungen der B2B-Werbung und der Vermarktung von technischen Produkten zu erf\u00fcllen. Unser Ziel ist es, unseren Kunden [&hellip;]<\/p>\n","protected":false},"author":3,"featured_media":0,"parent":0,"menu_order":0,"comment_status":"closed","ping_status":"closed","template":"","meta":{"_acf_changed":false,"footnotes":""},"class_list":["post-16284","page","type-page","status-publish","hentry"],"acf":[],"yoast_head":"<!-- This site is optimized with the Yoast SEO plugin v27.1.1 - https:\/\/yoast.com\/product\/yoast-seo-wordpress\/ -->\n<title>Agentur dmp | Unsere Vision: Neue Wege<\/title>\n<meta name=\"description\" content=\"Wir bieten den Kunden MEHR, indem wir technologisch und grafisch neue Wege gehen und neueste Technologien und Trends in unsere Arbeit einbetten.\" \/>\n<meta name=\"robots\" content=\"index, follow, max-snippet:-1, max-image-preview:large, max-video-preview:-1\" \/>\n<link rel=\"canonical\" href=\"https:\/\/agentur-dmp.de\/at\/unsere-vision\/\" \/>\n<meta property=\"og:locale\" content=\"de_DE\" \/>\n<meta property=\"og:type\" content=\"article\" \/>\n<meta property=\"og:title\" content=\"Agentur dmp | Unsere Vision: Neue Wege\" \/>\n<meta property=\"og:description\" content=\"Wir bieten den Kunden MEHR, indem wir technologisch und grafisch neue Wege gehen und neueste Technologien und Trends in unsere Arbeit einbetten.\" \/>\n<meta property=\"og:url\" content=\"https:\/\/agentur-dmp.de\/at\/unsere-vision\/\" \/>\n<meta property=\"og:site_name\" content=\"Werbeagentur dmp\" \/>\n<meta property=\"article:modified_time\" content=\"2025-01-24T13:22:06+00:00\" \/>\n<meta name=\"twitter:card\" content=\"summary_large_image\" \/>\n<meta name=\"twitter:label1\" content=\"Gesch\u00e4tzte Lesezeit\" \/>\n\t<meta name=\"twitter:data1\" content=\"2\u00a0Minuten\" \/>\n<script type=\"application\/ld+json\" class=\"yoast-schema-graph\">{\"@context\":\"https:\/\/schema.org\",\"@graph\":[{\"@type\":\"WebPage\",\"@id\":\"https:\/\/agentur-dmp.de\/at\/unsere-vision\/\",\"url\":\"https:\/\/agentur-dmp.de\/at\/unsere-vision\/\",\"name\":\"Agentur dmp | Unsere Vision: Neue Wege\",\"isPartOf\":{\"@id\":\"https:\/\/agentur-dmp.de\/at\/#website\"},\"datePublished\":\"2023-05-10T06:35:15+00:00\",\"dateModified\":\"2025-01-24T13:22:06+00:00\",\"description\":\"Wir bieten den Kunden MEHR, indem wir technologisch und grafisch neue Wege gehen und neueste Technologien und Trends in unsere Arbeit einbetten.\",\"breadcrumb\":{\"@id\":\"https:\/\/agentur-dmp.de\/at\/unsere-vision\/#breadcrumb\"},\"inLanguage\":\"de\",\"potentialAction\":[{\"@type\":\"ReadAction\",\"target\":[\"https:\/\/agentur-dmp.de\/at\/unsere-vision\/\"]}]},{\"@type\":\"BreadcrumbList\",\"@id\":\"https:\/\/agentur-dmp.de\/at\/unsere-vision\/#breadcrumb\",\"itemListElement\":[{\"@type\":\"ListItem\",\"position\":1,\"name\":\"Home\",\"item\":\"https:\/\/agentur-dmp.de\/at\/\"},{\"@type\":\"ListItem\",\"position\":2,\"name\":\"UNSERE VISION\"}]},{\"@type\":\"WebSite\",\"@id\":\"https:\/\/agentur-dmp.de\/at\/#website\",\"url\":\"https:\/\/agentur-dmp.de\/at\/\",\"name\":\"Werbeagentur dmp\",\"description\":\"Full-Service Werbeagentur dmp, Grafikdesign, 3D Simulation, Filmproduktion, Webdesign, Virtual Reality, Messedesign, Marken\",\"publisher\":{\"@id\":\"https:\/\/agentur-dmp.de\/at\/#organization\"},\"potentialAction\":[{\"@type\":\"SearchAction\",\"target\":{\"@type\":\"EntryPoint\",\"urlTemplate\":\"https:\/\/agentur-dmp.de\/at\/?s={search_term_string}\"},\"query-input\":{\"@type\":\"PropertyValueSpecification\",\"valueRequired\":true,\"valueName\":\"search_term_string\"}}],\"inLanguage\":\"de\"},{\"@type\":\"Organization\",\"@id\":\"https:\/\/agentur-dmp.de\/at\/#organization\",\"name\":\"Werbeagentur dmp\",\"url\":\"https:\/\/agentur-dmp.de\/at\/\",\"logo\":{\"@type\":\"ImageObject\",\"inLanguage\":\"de\",\"@id\":\"https:\/\/agentur-dmp.de\/at\/#\/schema\/logo\/image\/\",\"url\":\"https:\/\/agentur-dmp.de\/at\/wp-content\/uploads\/2023\/04\/logo.svg\",\"contentUrl\":\"https:\/\/agentur-dmp.de\/at\/wp-content\/uploads\/2023\/04\/logo.svg\",\"width\":145,\"height\":62,\"caption\":\"Werbeagentur dmp\"},\"image\":{\"@id\":\"https:\/\/agentur-dmp.de\/at\/#\/schema\/logo\/image\/\"},\"sameAs\":[\"https:\/\/www.youtube.com\/@werbeagenturdmp\",\"https:\/\/www.linkedin.com\/company\/agentur-dmp\/\"]}]}<\/script>\n<!-- \/ Yoast SEO plugin. -->","yoast_head_json":{"title":"Agentur dmp | Unsere Vision: Neue Wege","description":"Wir bieten den Kunden MEHR, indem wir technologisch und grafisch neue Wege gehen und neueste Technologien und Trends in unsere Arbeit einbetten.","robots":{"index":"index","follow":"follow","max-snippet":"max-snippet:-1","max-image-preview":"max-image-preview:large","max-video-preview":"max-video-preview:-1"},"canonical":"https:\/\/agentur-dmp.de\/at\/unsere-vision\/","og_locale":"de_DE","og_type":"article","og_title":"Agentur dmp | Unsere Vision: Neue Wege","og_description":"Wir bieten den Kunden MEHR, indem wir technologisch und grafisch neue Wege gehen und neueste Technologien und Trends in unsere Arbeit einbetten.","og_url":"https:\/\/agentur-dmp.de\/at\/unsere-vision\/","og_site_name":"Werbeagentur dmp","article_modified_time":"2025-01-24T13:22:06+00:00","twitter_card":"summary_large_image","twitter_misc":{"Gesch\u00e4tzte Lesezeit":"2\u00a0Minuten"},"schema":{"@context":"https:\/\/schema.org","@graph":[{"@type":"WebPage","@id":"https:\/\/agentur-dmp.de\/at\/unsere-vision\/","url":"https:\/\/agentur-dmp.de\/at\/unsere-vision\/","name":"Agentur dmp | Unsere Vision: Neue Wege","isPartOf":{"@id":"https:\/\/agentur-dmp.de\/at\/#website"},"datePublished":"2023-05-10T06:35:15+00:00","dateModified":"2025-01-24T13:22:06+00:00","description":"Wir bieten den Kunden MEHR, indem wir technologisch und grafisch neue Wege gehen und neueste Technologien und Trends in unsere Arbeit einbetten.","breadcrumb":{"@id":"https:\/\/agentur-dmp.de\/at\/unsere-vision\/#breadcrumb"},"inLanguage":"de","potentialAction":[{"@type":"ReadAction","target":["https:\/\/agentur-dmp.de\/at\/unsere-vision\/"]}]},{"@type":"BreadcrumbList","@id":"https:\/\/agentur-dmp.de\/at\/unsere-vision\/#breadcrumb","itemListElement":[{"@type":"ListItem","position":1,"name":"Home","item":"https:\/\/agentur-dmp.de\/at\/"},{"@type":"ListItem","position":2,"name":"UNSERE VISION"}]},{"@type":"WebSite","@id":"https:\/\/agentur-dmp.de\/at\/#website","url":"https:\/\/agentur-dmp.de\/at\/","name":"Werbeagentur dmp","description":"Full-Service Werbeagentur dmp, Grafikdesign, 3D Simulation, Filmproduktion, Webdesign, Virtual Reality, Messedesign, Marken","publisher":{"@id":"https:\/\/agentur-dmp.de\/at\/#organization"},"potentialAction":[{"@type":"SearchAction","target":{"@type":"EntryPoint","urlTemplate":"https:\/\/agentur-dmp.de\/at\/?s={search_term_string}"},"query-input":{"@type":"PropertyValueSpecification","valueRequired":true,"valueName":"search_term_string"}}],"inLanguage":"de"},{"@type":"Organization","@id":"https:\/\/agentur-dmp.de\/at\/#organization","name":"Werbeagentur dmp","url":"https:\/\/agentur-dmp.de\/at\/","logo":{"@type":"ImageObject","inLanguage":"de","@id":"https:\/\/agentur-dmp.de\/at\/#\/schema\/logo\/image\/","url":"https:\/\/agentur-dmp.de\/at\/wp-content\/uploads\/2023\/04\/logo.svg","contentUrl":"https:\/\/agentur-dmp.de\/at\/wp-content\/uploads\/2023\/04\/logo.svg","width":145,"height":62,"caption":"Werbeagentur dmp"},"image":{"@id":"https:\/\/agentur-dmp.de\/at\/#\/schema\/logo\/image\/"},"sameAs":["https:\/\/www.youtube.com\/@werbeagenturdmp","https:\/\/www.linkedin.com\/company\/agentur-dmp\/"]}]}},"_links":{"self":[{"href":"https:\/\/agentur-dmp.de\/at\/wp-json\/wp\/v2\/pages\/16284","targetHints":{"allow":["GET"]}}],"collection":[{"href":"https:\/\/agentur-dmp.de\/at\/wp-json\/wp\/v2\/pages"}],"about":[{"href":"https:\/\/agentur-dmp.de\/at\/wp-json\/wp\/v2\/types\/page"}],"author":[{"embeddable":true,"href":"https:\/\/agentur-dmp.de\/at\/wp-json\/wp\/v2\/users\/3"}],"replies":[{"embeddable":true,"href":"https:\/\/agentur-dmp.de\/at\/wp-json\/wp\/v2\/comments?post=16284"}],"version-history":[{"count":48,"href":"https:\/\/agentur-dmp.de\/at\/wp-json\/wp\/v2\/pages\/16284\/revisions"}],"predecessor-version":[{"id":18836,"href":"https:\/\/agentur-dmp.de\/at\/wp-json\/wp\/v2\/pages\/16284\/revisions\/18836"}],"wp:attachment":[{"href":"https:\/\/agentur-dmp.de\/at\/wp-json\/wp\/v2\/media?parent=16284"}],"curies":[{"name":"wp","href":"https:\/\/api.w.org\/{rel}","templated":true}]}}